{"id":318,"date":"2020-03-05T10:27:46","date_gmt":"2020-03-05T10:27:46","guid":{"rendered":"https:\/\/lasmarcas.com\/?page_id=318"},"modified":"2020-12-10T19:24:10","modified_gmt":"2020-12-10T19:24:10","slug":"pasarela-de-pago","status":"publish","type":"page","link":"https:\/\/lasmarcas.com\/es\/pasarela-de-pago\/","title":{"rendered":"Pasarela de Pagos"},"content":{"rendered":"\n[et_pb_section fb_built=\u00bb1&#8243; disabled_on=\u00bboff|off|off\u00bb admin_label=\u00bbResources\u00bb _builder_version=\u00bb4.6.1&#8243; use_background_color_gradient=\u00bbon\u00bb background_color_gradient_start=\u00bbrgba(27,31,37,0.6)\u00bb background_color_gradient_end=\u00bb#1b1f25&#8243; background_color_gradient_overlays_image=\u00bbon\u00bb background_image=\u00bbhttps:\/\/lasmarcas.com\/wp-content\/uploads\/2019\/05\/architecture-1868272_1920.jpg\u00bb custom_margin=\u00bb||||false|false\u00bb custom_padding=\u00bb84px||80px||false|false\u00bb top_divider_height_tablet=\u00bb\u00bb top_divider_height_phone=\u00bb50px\u00bb top_divider_height_last_edited=\u00bbon|phone\u00bb][et_pb_row _builder_version=\u00bb3.25&#8243; custom_width_px=\u00bb700px\u00bb][et_pb_column type=\u00bb4_4&#8243; _builder_version=\u00bb3.25&#8243; custom_padding=\u00bb|||\u00bb custom_padding__hover=\u00bb|||\u00bb][et_pb_text _builder_version=\u00bb4.6.1&#8243; text_font=\u00bbLato||||||||\u00bb text_font_size=\u00bb20px\u00bb text_line_height=\u00bb1.8em\u00bb ul_font=\u00bb||||||||\u00bb ol_font=\u00bb||||||||\u00bb header_font=\u00bbTeko||||||||\u00bb header_font_size=\u00bb96px\u00bb header_2_font=\u00bbTeko|||on|||||\u00bb header_2_font_size=\u00bb96px\u00bb header_3_font=\u00bb||||||||\u00bb header_4_font=\u00bb||||||||\u00bb header_5_font=\u00bb||||||||\u00bb header_6_font=\u00bb||||||||\u00bb text_orientation=\u00bbcenter\u00bb background_layout=\u00bbdark\u00bb max_width=\u00bb700px\u00bb module_alignment=\u00bbcenter\u00bb custom_margin=\u00bb||0px|\u00bb hover_enabled=\u00bb0&#8243; header_2_font_size_tablet=\u00bb66px\u00bb header_2_font_size_phone=\u00bb36px\u00bb header_2_font_size_last_edited=\u00bbon|phone\u00bb header_font_size_last_edited=\u00bbon|phone\u00bb sticky_enabled=\u00bb0&#8243; header_font_size_phone=\u00bb60px\u00bb]<h1>Pasarela de pago<\/h1>[\/et_pb_text][et_pb_blurb title=\u00bbPaga con tarjeta de cr\u00e9dito o d\u00e9bito en el entorno seguro certificado con SSL a trav\u00e9s de %22Redsys%22 \u00bb use_icon=\u00bbon\u00bb font_icon=\u00bb%%113%%\u00bb icon_color=\u00bb#c10f1b\u00bb use_icon_font_size=\u00bbon\u00bb icon_font_size=\u00bb80px\u00bb admin_label=\u00bbAnuncio REGISTROS DE LAS DIFERENTES MODALIDADES DE PROPIEDAD INDUSTRIAL EN ESPA\u00d1A Y EN EL EXT\u00bb _builder_version=\u00bb4.6.1&#8243; header_font=\u00bbTeko||||||||\u00bb header_font_size=\u00bb28px\u00bb header_line_height=\u00bb1.2em\u00bb body_font=\u00bbLato||||||||\u00bb body_font_size=\u00bb18px\u00bb body_line_height=\u00bb1.8em\u00bb text_orientation=\u00bbcenter\u00bb background_layout=\u00bbdark\u00bb custom_padding=\u00bb40px||||false|false\u00bb][\/et_pb_blurb][et_pb_text _builder_version=\u00bb4.6.1&#8243; text_font=\u00bb||||||||\u00bb text_text_color=\u00bb#ffffff\u00bb text_orientation=\u00bbcenter\u00bb]<p style=\"text-align: center;\">\t<div class=\"plugin-form-tpv\">\n\t\t<div class=\"form_tpv\"><\/div>\n\t<table class=\"table-form-tpv\">\n\t\t<tr class=\"tpv-plugin-codigo-pedido\">\n\t\t\t<td>C\u00f3digo de pedido<\/td>\n\t\t\t<td><span class=\"error\">Debe tener entre 4 y 8 caracteres<\/span><input type=\"text\" value=\"\" name=\"orderNumber\" id=\"orderNumber\"  \/><\/td>\n\t\t<\/tr>\n        <tr class=\"tpv-plugin-desc-pedido\">\n            <td>Descripci\u00f3n pedido:<\/td>\n            <td><span class=\"error\">Debe tener menos de 125 caracteres<\/span><input type=\"text\" value=\"\" name=\"orderNumber\" id=\"orderDesc\"  \/><\/td>\n        <\/tr>\n\t\t<tr class=\"tpv-plugin-cantidad-pagar\">\n\t\t\t<td>Cantidad a pagar<\/td>\n\t\t\t<td><span class=\"error\">Debe especificar una cantidad<\/span><input type=\"number\" step=\"0.01\" value=\"0\" name=\"amountTPV\" id=\"amountTPV\"  \/><span>\u20ac<span><\/td>\n\t\t<\/tr>\n\t<\/table>\n\t<div class=\"section-right-form-tpv\">\n\t\t<div class=\"img-formaspago\"><img decoding=\"async\" width=\"60%\" src=\"https:\/\/lasmarcas.com\/wp-content\/plugins\/pago-redsys-tpv-grafreak\/public\/img\/img-formaspago.png\" \/><\/div>\n\t\t<input type=\"hidden\" name=\"nonce_secure\" id=\"nonce_secure\" value=\"a374030d6e\" \/>\n\t\t\t\t\t\t<a href=\"#\" id=\"form_tpv_submit\">Pagar<\/a>\n\t<\/div>\n<\/div>\n<\/p>[\/et_pb_text][\/et_pb_column][\/et_pb_row][\/et_pb_section]\n","protected":false},"excerpt":{"rendered":"<p>Pasarela de pago\t<div class=\"plugin-form-tpv\">\n\t\t<div class=\"form_tpv\"><\/div>\n\t<table class=\"table-form-tpv\">\n\t\t<tr class=\"tpv-plugin-codigo-pedido\">\n\t\t\t<td>C\u00f3digo de pedido<\/td>\n\t\t\t<td><span class=\"error\">Debe tener entre 4 y 8 caracteres<\/span><input type=\"text\" value=\"\" name=\"orderNumber\" id=\"orderNumber\"  \/><\/td>\n\t\t<\/tr>\n        <tr class=\"tpv-plugin-desc-pedido\">\n            <td>Descripci\u00f3n pedido:<\/td>\n            <td><span class=\"error\">Debe tener menos de 125 caracteres<\/span><input type=\"text\" value=\"\" name=\"orderNumber\" id=\"orderDesc\"  \/><\/td>\n        <\/tr>\n\t\t<tr class=\"tpv-plugin-cantidad-pagar\">\n\t\t\t<td>Cantidad a pagar<\/td>\n\t\t\t<td><span class=\"error\">Debe especificar una cantidad<\/span><input type=\"number\" step=\"0.01\" value=\"0\" name=\"amountTPV\" id=\"amountTPV\"  \/><span>\u20ac<span><\/td>\n\t\t<\/tr>\n\t<\/table>\n\t<div class=\"section-right-form-tpv\">\n\t\t<div class=\"img-formaspago\"><img decoding=\"async\" width=\"60%\" src=\"https:\/\/lasmarcas.com\/wp-content\/plugins\/pago-redsys-tpv-grafreak\/public\/img\/img-formaspago.png\" \/><\/div>\n\t\t<input type=\"hidden\" name=\"nonce_secure\" id=\"nonce_secure\" value=\"a374030d6e\" \/>\n\t\t\t\t\t\t<a href=\"#\" id=\"form_tpv_submit\">Pagar<\/a>\n\t<\/div>\n<\/div>\n<\/p>\n","protected":false},"author":2,"featured_media":0,"parent":0,"menu_order":0,"comment_status":"closed","ping_status":"closed","template":"","meta":{"_et_pb_use_builder":"on","_et_pb_old_content":"<!-- wp:paragraph -->\n<p> [pago_tpv][\/pago_tpv]<\/p>\n<!-- \/wp:paragraph -->","_et_gb_content_width":"1080","footnotes":""},"class_list":["post-318","page","type-page","status-publish","hentry"],"_links":{"self":[{"href":"https:\/\/lasmarcas.com\/es\/wp-json\/wp\/v2\/pages\/318","targetHints":{"allow":["GET"]}}],"collection":[{"href":"https:\/\/lasmarcas.com\/es\/wp-json\/wp\/v2\/pages"}],"about":[{"href":"https:\/\/lasmarcas.com\/es\/wp-json\/wp\/v2\/types\/page"}],"author":[{"embeddable":true,"href":"https:\/\/lasmarcas.com\/es\/wp-json\/wp\/v2\/users\/2"}],"replies":[{"embeddable":true,"href":"https:\/\/lasmarcas.com\/es\/wp-json\/wp\/v2\/comments?post=318"}],"version-history":[{"count":0,"href":"https:\/\/lasmarcas.com\/es\/wp-json\/wp\/v2\/pages\/318\/revisions"}],"wp:attachment":[{"href":"https:\/\/lasmarcas.com\/es\/wp-json\/wp\/v2\/media?parent=318"}],"curies":[{"name":"wp","href":"https:\/\/api.w.org\/{rel}","templated":true}]}}