{"id":348,"date":"2020-03-05T11:27:12","date_gmt":"2020-03-05T11:27:12","guid":{"rendered":"https:\/\/lasmarcas.com\/?page_id=348"},"modified":"2024-12-17T14:40:11","modified_gmt":"2024-12-17T14:40:11","slug":"formularios","status":"publish","type":"page","link":"https:\/\/lasmarcas.com\/es\/formularios\/","title":{"rendered":"Formularios"},"content":{"rendered":"<p>[et_pb_section fb_built=\u00bb1&#8243; _builder_version=\u00bb4.16&#8243; _module_preset=\u00bbdefault\u00bb global_colors_info=\u00bb{}\u00bb][et_pb_row _builder_version=\u00bb4.16&#8243; _module_preset=\u00bbdefault\u00bb global_colors_info=\u00bb{}\u00bb][et_pb_column type=\u00bb4_4&#8243; _builder_version=\u00bb4.16&#8243; _module_preset=\u00bbdefault\u00bb global_colors_info=\u00bb{}\u00bb][et_pb_text _builder_version=\u00bb4.16&#8243; _module_preset=\u00bbdefault\u00bb header_font=\u00bbTeko||||||||\u00bb header_text_align=\u00bbcenter\u00bb header_font_size=\u00bb96px\u00bb header_font_size_tablet=\u00bb\u00bb header_font_size_phone=\u00bb60px\u00bb header_font_size_last_edited=\u00bbon|phone\u00bb global_colors_info=\u00bb{}\u00bb]<\/p>\n<h1>Formularios de Registro de Patentes y Marcas<\/h1>\n<p>[\/et_pb_text][et_pb_text _builder_version=\u00bb4.16&#8243; _module_preset=\u00bbdefault\u00bb text_font=\u00bbLato||||||||\u00bb text_font_size=\u00bb19px\u00bb header_font=\u00bbTeko||||||||\u00bb header_text_align=\u00bbcenter\u00bb header_font_size=\u00bb96px\u00bb text_orientation=\u00bbcenter\u00bb module_alignment=\u00bbcenter\u00bb header_font_size_tablet=\u00bb\u00bb header_font_size_phone=\u00bb60px\u00bb header_font_size_last_edited=\u00bbon|phone\u00bb global_colors_info=\u00bb{}\u00bb]<\/p>\n<p>Desde esta p\u00e1gina puede descargar el documento de autorizaci\u00f3n para poder <b>representarles <\/b>ante las diferentes <b>Oficinas de Registro de Marcas y Patentes<\/b><\/p>\n<p>[\/et_pb_text][\/et_pb_column][\/et_pb_row][et_pb_row column_structure=\u00bb1_3,1_3,1_3&#8243; make_equal=\u00bbon\u00bb _builder_version=\u00bb4.16&#8243; _module_preset=\u00bbdefault\u00bb global_colors_info=\u00bb{}\u00bb][et_pb_column type=\u00bb1_3&#8243; _builder_version=\u00bb4.16&#8243; _module_preset=\u00bbdefault\u00bb global_colors_info=\u00bb{}\u00bb][et_pb_cta title=\u00bbAutorizaci\u00f3n Oficina Espa\u00f1ola de Patentes y Marcas OEPM\u00bb button_url=\u00bbhttps:\/\/lasmarcas.com\/FormulariosPDF\/AUTORIZACION%20SOLICITUD%20MARCA%20OEPM%20LASMARCAS.pdf\u00bb url_new_window=\u00bbon\u00bb button_text=\u00bbFormulario\u00bb _builder_version=\u00bb4.16&#8243; _module_preset=\u00bbdefault\u00bb header_font=\u00bbTeko||||||||\u00bb header_font_size=\u00bb31px\u00bb background_color=\u00bb#2a3039&#8243; custom_button=\u00bbon\u00bb button_icon=\u00bb&#xe058;||divi||400&#8243; button_icon_placement=\u00bbleft\u00bb button_on_hover=\u00bboff\u00bb button_custom_padding=\u00bb|10px||35px|false|false\u00bb min_height=\u00bb280px\u00bb custom_padding=\u00bb||36px|||\u00bb header_text_shadow_style=\u00bbpreset1&#8243; header_text_shadow_horizontal_length=\u00bb0.09em\u00bb header_text_shadow_vertical_length=\u00bb0.11em\u00bb global_colors_info=\u00bb{}\u00bb]&nbsp;[\/et_pb_cta][\/et_pb_column][et_pb_column type=\u00bb1_3&#8243; _builder_version=\u00bb4.16&#8243; _module_preset=\u00bbdefault\u00bb global_colors_info=\u00bb{}\u00bb][et_pb_cta title=\u00bbAutorizaci\u00f3n Oficina de Propiedad Intelectual de la Uni\u00f3n Europea  EUIPO\u00bb button_url=\u00bbhttps:\/\/lasmarcas.com\/FormulariosPDF\/AUTORIZACION%20SOLICITUD%20MARCA%20EUIPO%20LAMARCAS.pdf\u00bb url_new_window=\u00bbon\u00bb button_text=\u00bbFormulario\u00bb _builder_version=\u00bb4.16&#8243; _module_preset=\u00bbdefault\u00bb header_font=\u00bbTeko||||||||\u00bb header_font_size=\u00bb31px\u00bb background_color=\u00bb#c10f1b\u00bb custom_button=\u00bbon\u00bb button_icon=\u00bb&#xe058;||divi||400&#8243; button_icon_placement=\u00bbleft\u00bb button_on_hover=\u00bboff\u00bb button_custom_margin=\u00bb||||false|false\u00bb button_custom_padding=\u00bb|10px||35px|false|false\u00bb min_height=\u00bb280px\u00bb custom_padding=\u00bb||36px|||\u00bb header_text_shadow_style=\u00bbpreset2&#8243; header_text_shadow_horizontal_length=\u00bb0.09em\u00bb header_text_shadow_vertical_length=\u00bb0.11em\u00bb global_colors_info=\u00bb{}\u00bb][\/et_pb_cta][\/et_pb_column][et_pb_column type=\u00bb1_3&#8243; _builder_version=\u00bb4.16&#8243; _module_preset=\u00bbdefault\u00bb global_colors_info=\u00bb{}\u00bb][et_pb_cta title=\u00bbAutorizaci\u00f3n Oficina Europea de Patentes EPO\u00bb button_url=\u00bbhttps:\/\/lasmarcas.com\/FormulariosPDF\/POA%20EPO%20LASMARCAS.pdf\u00bb url_new_window=\u00bbon\u00bb button_text=\u00bbFormulario\u00bb _builder_version=\u00bb4.16&#8243; _module_preset=\u00bbdefault\u00bb header_font=\u00bbTeko||||||||\u00bb header_font_size=\u00bb31px\u00bb background_color=\u00bb#777&#8243; custom_button=\u00bbon\u00bb button_icon=\u00bb&#xe058;||divi||400&#8243; button_icon_placement=\u00bbleft\u00bb button_on_hover=\u00bboff\u00bb button_custom_padding=\u00bb|10px||35px|false|false\u00bb min_height=\u00bb280px\u00bb custom_padding=\u00bb||36px|||\u00bb header_text_shadow_style=\u00bbpreset2&#8243; header_text_shadow_horizontal_length=\u00bb0.09em\u00bb header_text_shadow_vertical_length=\u00bb0.11em\u00bb global_colors_info=\u00bb{}\u00bb][\/et_pb_cta][\/et_pb_column][\/et_pb_row][\/et_pb_section][et_pb_section fb_built=\u00bb1&#8243; admin_label=\u00bbFeatures\u00bb _builder_version=\u00bb4.16&#8243; use_background_color_gradient=\u00bbon\u00bb background_color_gradient_stops=\u00bbrgba(27,31,37,0.6) 30%|#1b1f25 100%\u00bb background_color_gradient_overlays_image=\u00bbon\u00bb background_color_gradient_start=\u00bbrgba(27,31,37,0.6)\u00bb background_color_gradient_start_position=\u00bb30%\u00bb background_color_gradient_end=\u00bb#1b1f25&#8243; background_image=\u00bbhttps:\/\/lasmarcas.com\/wp-content\/uploads\/2019\/05\/architecture-1868272_1920.jpg\u00bb custom_margin=\u00bb0px||0px||true|false\u00bb custom_padding=\u00bb||||true|true\u00bb top_divider_style=\u00bbarrow\u00bb top_divider_color=\u00bb#ffffff\u00bb bottom_divider_arrangement=\u00bbabove_content\u00bb bottom_divider_height_tablet=\u00bb\u00bb bottom_divider_height_phone=\u00bb50px\u00bb bottom_divider_height_last_edited=\u00bbon|desktop\u00bb global_colors_info=\u00bb{}\u00bb][et_pb_row column_structure=\u00bb1_2,1_2&#8243; custom_padding_last_edited=\u00bbon|phone\u00bb padding_left_right_link_1=\u00bbtrue\u00bb _builder_version=\u00bb4.16&#8243; use_background_color_gradient=\u00bbon\u00bb background_color_gradient_direction=\u00bb181deg\u00bb background_color_gradient_stops=\u00bb#3a3a3a 56%|rgba(10,10,10,0) 85%\u00bb background_color_gradient_start=\u00bb#3a3a3a\u00bb background_color_gradient_start_position=\u00bb56%\u00bb background_color_gradient_end=\u00bbrgba(10,10,10,0)\u00bb background_color_gradient_end_position=\u00bb85%\u00bb width=\u00bbauto\u00bb width_tablet=\u00bb\u00bb width_phone=\u00bb90%\u00bb width_last_edited=\u00bbon|desktop\u00bb custom_margin=\u00bb120px||100px||false|false\u00bb custom_padding=\u00bb0px|0px|0px|0px|true|false\u00bb custom_padding_tablet=\u00bb\u00bb custom_padding_phone=\u00bb\u00bb animation_style=\u00bbslide\u00bb animation_direction=\u00bbbottom\u00bb animation_intensity_slide=\u00bb2%\u00bb locked=\u00bboff\u00bb global_colors_info=\u00bb{}\u00bb max_width__hover_enabled=\u00bboff|desktop\u00bb][et_pb_column type=\u00bb1_2&#8243; _builder_version=\u00bb4.16&#8243; use_background_color_gradient=\u00bbon\u00bb background_color_gradient_direction=\u00bb190deg\u00bb background_color_gradient_stops=\u00bb#c10f1b 85%|rgba(255,255,255,0) 85%\u00bb background_color_gradient_start=\u00bb#c10f1b\u00bb background_color_gradient_start_position=\u00bb85%\u00bb background_color_gradient_end=\u00bbrgba(255,255,255,0)\u00bb background_color_gradient_end_position=\u00bb0%\u00bb custom_padding=\u00bb60px|5%|180px|5%|false|true\u00bb custom_padding_tablet=\u00bb|10%||10%||true\u00bb custom_padding_phone=\u00bb|10%||10%|false|true\u00bb custom_padding_last_edited=\u00bbon|phone\u00bb global_colors_info=\u00bb{}\u00bb custom_padding__hover=\u00bb|||\u00bb][et_pb_text _builder_version=\u00bb4.27.4&#8243; text_font=\u00bbTeko|500|||||||\u00bb text_font_size=\u00bb38px\u00bb text_line_height=\u00bb2em\u00bb text_orientation=\u00bbcenter\u00bb background_layout=\u00bbdark\u00bb min_height=\u00bb116px\u00bb custom_margin=\u00bb||-20px|||\u00bb custom_padding=\u00bb|||0px||\u00bb hover_enabled=\u00bb0&#8243; text_font_size_tablet=\u00bb\u00bb text_font_size_phone=\u00bb28px\u00bb text_font_size_last_edited=\u00bbon|phone\u00bb locked=\u00bboff\u00bb global_colors_info=\u00bb{}\u00bb sticky_enabled=\u00bb0&#8243;]<\/p>\n<p><a href=\"tel:+34630620446\">INF\u00d3RMATE\u00a0 &#8211;\u00a0 630 620 446<\/a><\/p>\n<p>[\/et_pb_text][et_pb_blurb title=\u00bbLocalizaci\u00f3n\u00bb use_icon=\u00bbon\u00bb font_icon=\u00bb&#xe081;||divi||400&#8243; icon_placement=\u00bbleft\u00bb image_icon_width=\u00bb28px\u00bb _builder_version=\u00bb4.16&#8243; header_font=\u00bbTeko|500|||||||\u00bb header_font_size=\u00bb28px\u00bb header_line_height=\u00bb1.2em\u00bb body_font=\u00bbLato||||||||\u00bb body_font_size=\u00bb18px\u00bb body_line_height=\u00bb1.8em\u00bb background_layout=\u00bbdark\u00bb custom_margin=\u00bb30px||30px||true|false\u00bb custom_padding=\u00bb0px|||||\u00bb animation_style=\u00bbzoom\u00bb animation_direction=\u00bbleft\u00bb animation_intensity_zoom=\u00bb12%\u00bb icon_font_size=\u00bb28px\u00bb global_colors_info=\u00bb{}\u00bb]<\/p>\n<p><span>Paseo de la Castellana 79, Planta7<\/span><\/p>\n<p><span>28046 Madrid<\/span><\/p>\n<p>[\/et_pb_blurb][et_pb_blurb title=\u00bbEmail\u00bb use_icon=\u00bbon\u00bb font_icon=\u00bb&#xe076;||divi||400&#8243; icon_placement=\u00bbleft\u00bb image_icon_width=\u00bb28px\u00bb _builder_version=\u00bb4.16&#8243; header_font=\u00bbTeko|500|||||||\u00bb header_font_size=\u00bb28px\u00bb header_line_height=\u00bb1.2em\u00bb body_font=\u00bbLato||||||||\u00bb body_font_size=\u00bb18px\u00bb body_line_height=\u00bb1.8em\u00bb background_layout=\u00bbdark\u00bb custom_margin=\u00bb||||true|false\u00bb custom_padding=\u00bb30px||30px||true|false\u00bb animation_style=\u00bbzoom\u00bb animation_direction=\u00bbleft\u00bb animation_delay=\u00bb200ms\u00bb animation_intensity_zoom=\u00bb12%\u00bb icon_font_size=\u00bb28px\u00bb global_colors_info=\u00bb{}\u00bb]<\/p>\n<p><a href=\"mailto:informacion@lasmarcas.com\" title=\"informacion@lasmarcas.com\">i<span>nformacion@lasmarcas.com<\/span><\/a><\/p>\n<p>[\/et_pb_blurb][\/et_pb_column][et_pb_column type=\u00bb1_2&#8243; _builder_version=\u00bb4.16&#8243; custom_padding=\u00bb80px|3%|20px|3%|false|true\u00bb custom_padding_tablet=\u00bb0px|10%||10%|false|true\u00bb custom_padding_phone=\u00bb|10%||10%|false|true\u00bb custom_padding_last_edited=\u00bbon|desktop\u00bb global_colors_info=\u00bb{}\u00bb custom_padding__hover=\u00bb|||\u00bb][et_pb_contact_form captcha=\u00bboff\u00bb email=\u00bbinformacion@lasmarcas.com\u00bb title=\u00bbCONTACTA CON NOSOTROS\u00bb custom_message=\u00bbFormulario &#8211; Pie de p\u00e1gina de formularios||et_pb_line_break_holder||&#8212;&#8212;&#8212;&#8212;&#8212;&#8212;&#8212;&#8212;&#8212;&#8212;&#8212;&#8212;&#8212;&#8212;&#8212;&#8212;&#8212;&#8212;&#8212;&#8212;&#8212;&#8211;||et_pb_line_break_holder||||et_pb_line_break_holder||Hola, mi nombre es %%Name%%.||et_pb_line_break_holder||||et_pb_line_break_holder||%%Message%%||et_pb_line_break_holder||||et_pb_line_break_holder||Puesdes contactarme en este tel\u00e9fono %%Telephone%% o mediante el siguiente correo electr\u00f3nico %%Email%%.||et_pb_line_break_holder||||et_pb_line_break_holder||He se\u00f1alado que: %%Verificaci\u00f3n_lopd%%.\u00bb use_redirect=\u00bbon\u00bb redirect_url=\u00bb\/agradecimiento-formulario-de-contacto\u00bb submit_button_text=\u00bbEnviar\u00bb module_id=\u00bbet_pb_contact_form_Formularios\u00bb _builder_version=\u00bb4.18.0&#8243; _unique_id=\u00bb140255d6-e741-4ed5-b566-b348cc1b48e4&#8243; form_field_custom_margin=\u00bb||||false|false\u00bb title_font_size=\u00bb36px\u00bb custom_margin=\u00bb|0px||0px|true|true\u00bb custom_padding=\u00bb|0px||0px|true|true\u00bb link_option_url=\u00bbhttps:\/\/lasmarcas.com\/servicios\/\u00bb title_text_align_tablet=\u00bb\u00bb title_text_align_phone=\u00bbcenter\u00bb title_text_align_last_edited=\u00bbon|phone\u00bb form_background_color=\u00bbrgba(0,0,0,0.15)\u00bb locked=\u00bboff\u00bb global_colors_info=\u00bb{}\u00bb][et_pb_contact_field field_id=\u00bbName\u00bb field_title=\u00bbNombre\u00bb fullwidth_field=\u00bbon\u00bb _builder_version=\u00bb4.16&#8243; global_colors_info=\u00bb{}\u00bb button_text_size__hover_enabled=\u00bboff\u00bb button_one_text_size__hover_enabled=\u00bboff\u00bb button_two_text_size__hover_enabled=\u00bboff\u00bb button_text_color__hover_enabled=\u00bboff\u00bb button_one_text_color__hover_enabled=\u00bboff\u00bb button_two_text_color__hover_enabled=\u00bboff\u00bb button_border_width__hover_enabled=\u00bboff\u00bb button_one_border_width__hover_enabled=\u00bboff\u00bb button_two_border_width__hover_enabled=\u00bboff\u00bb button_border_color__hover_enabled=\u00bboff\u00bb button_one_border_color__hover_enabled=\u00bboff\u00bb button_two_border_color__hover_enabled=\u00bboff\u00bb button_border_radius__hover_enabled=\u00bboff\u00bb button_one_border_radius__hover_enabled=\u00bboff\u00bb button_two_border_radius__hover_enabled=\u00bboff\u00bb button_letter_spacing__hover_enabled=\u00bboff\u00bb button_one_letter_spacing__hover_enabled=\u00bboff\u00bb button_two_letter_spacing__hover_enabled=\u00bboff\u00bb button_bg_color__hover_enabled=\u00bboff\u00bb button_one_bg_color__hover_enabled=\u00bboff\u00bb button_two_bg_color__hover_enabled=\u00bboff\u00bb][\/et_pb_contact_field][et_pb_contact_field field_id=\u00bbEmail\u00bb field_title=\u00bbEmail \u00bb field_type=\u00bbemail\u00bb fullwidth_field=\u00bbon\u00bb _builder_version=\u00bb4.16&#8243; global_colors_info=\u00bb{}\u00bb button_text_size__hover_enabled=\u00bboff\u00bb button_one_text_size__hover_enabled=\u00bboff\u00bb button_two_text_size__hover_enabled=\u00bboff\u00bb button_text_color__hover_enabled=\u00bboff\u00bb button_one_text_color__hover_enabled=\u00bboff\u00bb button_two_text_color__hover_enabled=\u00bboff\u00bb button_border_width__hover_enabled=\u00bboff\u00bb button_one_border_width__hover_enabled=\u00bboff\u00bb button_two_border_width__hover_enabled=\u00bboff\u00bb button_border_color__hover_enabled=\u00bboff\u00bb button_one_border_color__hover_enabled=\u00bboff\u00bb button_two_border_color__hover_enabled=\u00bboff\u00bb button_border_radius__hover_enabled=\u00bboff\u00bb button_one_border_radius__hover_enabled=\u00bboff\u00bb button_two_border_radius__hover_enabled=\u00bboff\u00bb button_letter_spacing__hover_enabled=\u00bboff\u00bb button_one_letter_spacing__hover_enabled=\u00bboff\u00bb button_two_letter_spacing__hover_enabled=\u00bboff\u00bb button_bg_color__hover_enabled=\u00bboff\u00bb button_one_bg_color__hover_enabled=\u00bboff\u00bb button_two_bg_color__hover_enabled=\u00bboff\u00bb][\/et_pb_contact_field][et_pb_contact_field field_id=\u00bbTelephone\u00bb field_title=\u00bbTel\u00e9fono\u00bb fullwidth_field=\u00bbon\u00bb _builder_version=\u00bb4.16&#8243; global_colors_info=\u00bb{}\u00bb button_text_size__hover_enabled=\u00bboff\u00bb button_one_text_size__hover_enabled=\u00bboff\u00bb button_two_text_size__hover_enabled=\u00bboff\u00bb button_text_color__hover_enabled=\u00bboff\u00bb button_one_text_color__hover_enabled=\u00bboff\u00bb button_two_text_color__hover_enabled=\u00bboff\u00bb button_border_width__hover_enabled=\u00bboff\u00bb button_one_border_width__hover_enabled=\u00bboff\u00bb button_two_border_width__hover_enabled=\u00bboff\u00bb button_border_color__hover_enabled=\u00bboff\u00bb button_one_border_color__hover_enabled=\u00bboff\u00bb button_two_border_color__hover_enabled=\u00bboff\u00bb button_border_radius__hover_enabled=\u00bboff\u00bb button_one_border_radius__hover_enabled=\u00bboff\u00bb button_two_border_radius__hover_enabled=\u00bboff\u00bb button_letter_spacing__hover_enabled=\u00bboff\u00bb button_one_letter_spacing__hover_enabled=\u00bboff\u00bb button_two_letter_spacing__hover_enabled=\u00bboff\u00bb button_bg_color__hover_enabled=\u00bboff\u00bb button_one_bg_color__hover_enabled=\u00bboff\u00bb button_two_bg_color__hover_enabled=\u00bboff\u00bb][\/et_pb_contact_field][et_pb_contact_field field_id=\u00bbMessage\u00bb field_title=\u00bbMensaje\u00bb field_type=\u00bbtext\u00bb fullwidth_field=\u00bbon\u00bb _builder_version=\u00bb4.16&#8243; global_colors_info=\u00bb{}\u00bb button_text_size__hover_enabled=\u00bboff\u00bb button_one_text_size__hover_enabled=\u00bboff\u00bb button_two_text_size__hover_enabled=\u00bboff\u00bb button_text_color__hover_enabled=\u00bboff\u00bb button_one_text_color__hover_enabled=\u00bboff\u00bb button_two_text_color__hover_enabled=\u00bboff\u00bb button_border_width__hover_enabled=\u00bboff\u00bb button_one_border_width__hover_enabled=\u00bboff\u00bb button_two_border_width__hover_enabled=\u00bboff\u00bb button_border_color__hover_enabled=\u00bboff\u00bb button_one_border_color__hover_enabled=\u00bboff\u00bb button_two_border_color__hover_enabled=\u00bboff\u00bb button_border_radius__hover_enabled=\u00bboff\u00bb button_one_border_radius__hover_enabled=\u00bboff\u00bb button_two_border_radius__hover_enabled=\u00bboff\u00bb button_letter_spacing__hover_enabled=\u00bboff\u00bb button_one_letter_spacing__hover_enabled=\u00bboff\u00bb button_two_letter_spacing__hover_enabled=\u00bboff\u00bb button_bg_color__hover_enabled=\u00bboff\u00bb button_one_bg_color__hover_enabled=\u00bboff\u00bb button_two_bg_color__hover_enabled=\u00bboff\u00bb][\/et_pb_contact_field][et_pb_contact_field field_id=\u00bbVerificaci\u00f3n_lopd\u00bb field_title=\u00bb   \u00bb field_type=\u00bbcheckbox\u00bb checkbox_options=\u00bb%91{%22value%22:%22Acepto el tratamiento de mis datos personales de acuerdo con la vigente  Ley de Protecci\u00f3n de Datos de car\u00e1cter personal%22,%22checked%22:0,%22dragID%22:-1,%22link_url%22:%22https:\/\/lasmarcas.com\/aviso-legal-politica-de-proteccion-de-datos\/%22,%22link_text%22:%22%22}%93&#8243; fullwidth_field=\u00bbon\u00bb _builder_version=\u00bb4.16&#8243; form_field_text_align=\u00bbleft\u00bb form_field_font_size=\u00bb14px\u00bb custom_margin=\u00bb15px||15px||true|false\u00bb link_option_url_new_window=\u00bbon\u00bb global_colors_info=\u00bb{}\u00bb][\/et_pb_contact_field][\/et_pb_contact_form][\/et_pb_column][\/et_pb_row][\/et_pb_section]<\/p>\n","protected":false},"excerpt":{"rendered":"<p>Formularios de Registro de Patentes y MarcasDesde esta p\u00e1gina puede descargar el documento de autorizaci\u00f3n para poder representarles ante las diferentes Oficinas de Registro de Marcas y Patentes&nbsp;INF\u00d3RMATE\u00a0 &#8211;\u00a0 630 620 446Paseo de la Castellana 79, Planta7 28046 Madridinformacion@lasmarcas.com<\/p>\n","protected":false},"author":2,"featured_media":0,"parent":0,"menu_order":0,"comment_status":"closed","ping_status":"closed","template":"","meta":{"_et_pb_use_builder":"on","_et_pb_old_content":"","_et_gb_content_width":"","footnotes":""},"class_list":["post-348","page","type-page","status-publish","hentry"],"_links":{"self":[{"href":"https:\/\/lasmarcas.com\/es\/wp-json\/wp\/v2\/pages\/348","targetHints":{"allow":["GET"]}}],"collection":[{"href":"https:\/\/lasmarcas.com\/es\/wp-json\/wp\/v2\/pages"}],"about":[{"href":"https:\/\/lasmarcas.com\/es\/wp-json\/wp\/v2\/types\/page"}],"author":[{"embeddable":true,"href":"https:\/\/lasmarcas.com\/es\/wp-json\/wp\/v2\/users\/2"}],"replies":[{"embeddable":true,"href":"https:\/\/lasmarcas.com\/es\/wp-json\/wp\/v2\/comments?post=348"}],"version-history":[{"count":1,"href":"https:\/\/lasmarcas.com\/es\/wp-json\/wp\/v2\/pages\/348\/revisions"}],"predecessor-version":[{"id":2128,"href":"https:\/\/lasmarcas.com\/es\/wp-json\/wp\/v2\/pages\/348\/revisions\/2128"}],"wp:attachment":[{"href":"https:\/\/lasmarcas.com\/es\/wp-json\/wp\/v2\/media?parent=348"}],"curies":[{"name":"wp","href":"https:\/\/api.w.org\/{rel}","templated":true}]}}